{"id":11828,"date":"2022-07-14T17:37:56","date_gmt":"2022-07-14T15:37:56","guid":{"rendered":"https:\/\/disaronnoingredients.it\/eurobisco\/"},"modified":"2026-01-09T11:33:28","modified_gmt":"2026-01-09T10:33:28","slug":"eurobisco","status":"publish","type":"page","link":"https:\/\/disaronnoingredients.it\/pl\/eurobisco\/","title":{"rendered":"Eurobisco"},"content":{"rendered":"<p>[vc_row full_width=&#8221;stretch_row_content_no_spaces&#8221;][vc_column][vc_single_image image=&#8221;10417&#8243; img_size=&#8221;full&#8221; el_class=&#8221;img_top_desktop dekstop_image&#8221;][vc_single_image image=&#8221;11002&#8243; img_size=&#8221;full&#8221; el_class=&#8221;img_top_mobile mobile_image&#8221;][\/vc_column][\/vc_row][vc_row][vc_column][vc_single_image image=&#8221;11342&#8243; img_size=&#8221;full&#8221; alignment=&#8221;center&#8221; css=&#8221;.vc_custom_1660295055786{margin-top: -150px !important;}&#8221; el_class=&#8221;logo_brand_mobile more_padding_logo_brand&#8221;][\/vc_column][\/vc_row][vc_row el_class=&#8221;titoli_sezioni&#8221;][vc_column][vc_row_inner][vc_column_inner][vc_column_text el_class=&#8221;titolo_pagina&#8221; css=&#8221;.vc_custom_1657813130662{margin-top: 70px !important;}&#8221;]<\/p>\n<p style=\"text-align: center\">Na us\u0142ugach mistrz\u00f3w lodziarstwa<\/p>\n<p>[\/vc_column_text][vc_separator color=&#8221;custom&#8221; el_width=&#8221;10&#8243; el_class=&#8221;border&#8221; css=&#8221;.vc_custom_1657706318862{margin-top: 10px !important;margin-bottom: 50px !important;}&#8221;][vc_column_text el_class=&#8221;desc remove_br&#8221;]<\/p>\n<p style=\"text-align: center\">Od ponad sze\u015b\u0107dziesi\u0119ciu lat z Eurobisco obs\u0142ugujemy najlepsze krajowe i mi\u0119dzynarodowe firmy cukiernicze, produkuj\u0105c wysokiej jako\u015bci ciasteczka do lod\u00f3w w naszym nowoczesnym zak\u0142adzie w Chignolo Po (PV).[\/vc_column_text][\/vc_column_inner][\/vc_row_inner][\/vc_column][\/vc_row][vc_row full_width=&#8221;stretch_row&#8221; parallax=&#8221;content-moving&#8221; css=&#8221;.vc_custom_1657718471693{padding-top: 0px !important;padding-bottom: 100px !important;}&#8221;][vc_column el_class=&#8221;cont_brand&#8221;][vc_row_inner css=&#8221;.vc_custom_1659708204756{margin-top: 40px !important;border-top-width: 1px !important;padding-top: 40px !important;border-top-color: #e5e7f2 !important;border-top-style: solid !important;}&#8221; el_class=&#8221;box_brand_four&#8221;][vc_column_inner width=&#8221;1\/4&#8243;]<div class=\"key-icon-box icon-default icon-top cont-center    elenco_icon\" style=\"background-color: transparent; \" ><div class=\"tt-iconbox-customimg img_small_size\"><img width=\"52\" height=\"52\" src=\"https:\/\/disaronnoingredients.it\/wp-content\/uploads\/2022\/07\/eurobisco_icon_1.png\" class=\"attachment-full\" alt=\"\" title=\"eurobisco_icon_1\" \/><\/div><h4 class=\"service-heading\" >Starannie wyselekcjonowane surowce<\/h4><\/div>[\/vc_column_inner][vc_column_inner width=&#8221;1\/4&#8243;]<div class=\"key-icon-box icon-default icon-top cont-center\" style=\"background-color: transparent; \" ><div class=\"tt-iconbox-customimg img_small_size\"><img width=\"52\" height=\"47\" src=\"https:\/\/disaronnoingredients.it\/wp-content\/uploads\/2022\/07\/eurobisco_icon_2.png\" class=\"attachment-full\" alt=\"\" title=\"eurobisco_icon_2\" \/><\/div><h4 class=\"service-heading\" >Elastyczno\u015b\u0107 produkcji pod wzgl\u0119dem format\u00f3w i sk\u0142adnik\u00f3w (w\u0142\u0105czenia)<\/h4><\/div>[\/vc_column_inner][vc_column_inner width=&#8221;1\/4&#8243;]<div class=\"key-icon-box icon-default icon-top cont-center\" style=\"background-color: transparent; \" ><div class=\"tt-iconbox-customimg img_small_size\"><img width=\"70\" height=\"34\" src=\"https:\/\/disaronnoingredients.it\/wp-content\/uploads\/2022\/07\/eurobisco_icon_3.png\" class=\"attachment-full\" alt=\"\" title=\"eurobisco_icon_3\" \/><\/div><h4 class=\"service-heading\" >Nieustanne innowacje (sitodruk)<\/h4><\/div>[\/vc_column_inner][vc_column_inner width=&#8221;1\/4&#8243;]<div class=\"key-icon-box icon-default icon-top cont-center\" style=\"background-color: transparent; \" ><div class=\"tt-iconbox-customimg img_small_size\"><img width=\"50\" height=\"50\" src=\"https:\/\/disaronnoingredients.it\/wp-content\/uploads\/2022\/07\/eurobisco_icon_4.png\" class=\"attachment-full\" alt=\"\" title=\"eurobisco_icon_4\" \/><\/div><h4 class=\"service-heading\" >Ponad 35 kraj\u00f3w obs\u0142ugiwanych na ca\u0142ym \u015bwiecie<\/h4><\/div>[\/vc_column_inner][\/vc_row_inner][\/vc_column][\/vc_row][vc_row css=&#8221;.vc_custom_1715708027658{padding-top: 0px !important;padding-bottom: 100px !important;background-image: url(https:\/\/disaronnoingredients.it\/wp-content\/uploads\/2022\/07\/bg_catalogo.svg?id=7925) !important;}&#8221; el_class=&#8221;titoli_sezioni scarica reduce_btn&#8221;][vc_column][vc_row_inner][vc_column_inner][vc_column_text el_class=&#8221;titolo_pagina_big&#8221; css=&#8221;.vc_custom_1657813296277{margin-top: 70px !important;}&#8221;]<\/p>\n<p style=\"text-align: center\">pobierz katalog EUROBISCO[\/vc_column_text][\/vc_column_inner][\/vc_row_inner][vc_separator color=&#8221;custom&#8221; el_width=&#8221;10&#8243; el_class=&#8221;border&#8221; css=&#8221;.vc_custom_1657706318862{margin-top: 10px !important;margin-bottom: 50px !important;}&#8221;][vc_btn title=&#8221;Pobierz PDF&#8221; style=&#8221;gradient-custom&#8221; gradient_custom_color_1=&#8221;#ee783f&#8221; gradient_custom_color_2=&#8221;#ee933f&#8221; shape=&#8221;round&#8221; size=&#8221;lg&#8221; align=&#8221;center&#8221; el_class=&#8221;pulsante&#8221; css=&#8221;.vc_custom_1767954806363{margin-top: 50px !important;}&#8221; link=&#8221;url:https%3A%2F%2Fdisaronnoingredients.it%2Fpl%2Fkatalogi%2F|target:_blank&#8221;][\/vc_column][\/vc_row][vc_row full_width=&#8221;stretch_row_content&#8221; el_class=&#8221;mobile_image&#8221;][vc_column css=&#8221;.vc_custom_1657720769212{padding-top: 100px !important;}&#8221;][vc_row_inner el_class=&#8221;titoli_sezioni&#8221;][vc_column_inner css=&#8221;.vc_custom_1657721322764{padding-left: 50px !important;}&#8221;][vc_single_image image=&#8221;11007&#8243; img_size=&#8221;full&#8221; css=&#8221;.vc_custom_1659708304977{margin-bottom: -80px !important;}&#8221;][\/vc_column_inner][\/vc_row_inner][\/vc_column][\/vc_row][vc_row full_width=&#8221;stretch_row_content&#8221; el_class=&#8221;mobile_image&#8221;][vc_column css=&#8221;.vc_custom_1657720769212{padding-top: 100px !important;}&#8221;][vc_row_inner el_class=&#8221;titoli_sezioni&#8221;][vc_column_inner css=&#8221;.vc_custom_1657722858560{padding-top: 40px !important;padding-bottom: 40px !important;padding-left: 100px !important;}&#8221;][vc_column_text el_class=&#8221;titolo_pagina&#8221;]<\/p>\n<p style=\"text-align: left\">Mocne strony marki Eurobisco[\/vc_column_text][vc_column_text el_class=&#8221;text_icon&#8221; css=&#8221;.vc_custom_1659015259871{padding-top: 65px !important;}&#8221;]<\/p>\n<p class=\"image\"><img src=\"https:\/\/disaronnoingredients.it\/wp-content\/uploads\/2022\/07\/linee.png\" alt=\"\" width=\"31\" height=\"16\" \/><\/p>\n<p class=\"text\">Ponad <strong>13 000 metr\u00f3w kwadratowych<\/strong> powierzchni u\u017cytkowej przeznaczonej do produkcji wyrob\u00f3w piekarniczych[\/vc_column_text][vc_column_text el_class=&#8221;text_icon&#8221; css=&#8221;.vc_custom_1659015271794{padding-top: 40px !important;}&#8221;]<\/p>\n<p class=\"image\"><img src=\"https:\/\/disaronnoingredients.it\/wp-content\/uploads\/2022\/07\/linee.png\" alt=\"\" width=\"31\" height=\"16\" \/><\/p>\n<p class=\"text\">Szczeg\u00f3lna kontrola wszystkich proces\u00f3w produkcyjnych i produktu ko\u0144cowego[\/vc_column_text][vc_column_text el_class=&#8221;text_icon&#8221; css=&#8221;.vc_custom_1659015280335{padding-top: 40px !important;}&#8221;]<\/p>\n<p class=\"image\"><img src=\"https:\/\/disaronnoingredients.it\/wp-content\/uploads\/2022\/07\/linee.png\" alt=\"\" width=\"31\" height=\"16\" \/><\/p>\n<p class=\"text\">Ciasteczka do lod\u00f3w produkowane zar\u00f3wno dla klient\u00f3w przemys\u0142owych, jak i na potrzeby lodziarni rzemie\u015blniczych[\/vc_column_text][\/vc_column_inner][\/vc_row_inner][\/vc_column][\/vc_row][vc_row full_width=&#8221;stretch_row_content&#8221; css=&#8221;.vc_custom_1659708290708{background-color: rgba(117,106,89,0.05) !important;*background-color: rgb(117,106,89) !important;}&#8221; el_class=&#8221;dekstop_image&#8221;][vc_column css=&#8221;.vc_custom_1657720769212{padding-top: 100px !important;}&#8221;][vc_row_inner el_class=&#8221;titoli_sezioni&#8221;][vc_column_inner width=&#8221;1\/2&#8243; css=&#8221;.vc_custom_1657721322764{padding-left: 50px !important;}&#8221;][vc_single_image image=&#8221;10387&#8243; img_size=&#8221;full&#8221; css=&#8221;.vc_custom_1659015228166{margin-bottom: -80px !important;}&#8221;][\/vc_column_inner][vc_column_inner width=&#8221;1\/2&#8243; css=&#8221;.vc_custom_1657722858560{padding-top: 40px !important;padding-bottom: 40px !important;padding-left: 100px !important;}&#8221;][vc_column_text el_class=&#8221;titolo_pagina&#8221;]<\/p>\n<p style=\"text-align: left\">Mocne strony marki Eurobisco[\/vc_column_text][vc_column_text el_class=&#8221;text_icon&#8221; css=&#8221;.vc_custom_1659015259871{padding-top: 65px !important;}&#8221;]<\/p>\n<p class=\"image\"><img src=\"https:\/\/disaronnoingredients.it\/wp-content\/uploads\/2022\/07\/linee.png\" alt=\"\" width=\"31\" height=\"16\" \/><\/p>\n<p class=\"text\">Ponad <strong>13 000 metr\u00f3w kwadratowych<\/strong> powierzchni u\u017cytkowej przeznaczonej do produkcji wyrob\u00f3w piekarniczych[\/vc_column_text][vc_column_text el_class=&#8221;text_icon&#8221; css=&#8221;.vc_custom_1659015271794{padding-top: 40px !important;}&#8221;]<\/p>\n<p class=\"image\"><img src=\"https:\/\/disaronnoingredients.it\/wp-content\/uploads\/2022\/07\/linee.png\" alt=\"\" width=\"31\" height=\"16\" \/><\/p>\n<p class=\"text\">Szczeg\u00f3lna kontrola wszystkich proces\u00f3w produkcyjnych i produktu ko\u0144cowego[\/vc_column_text][vc_column_text el_class=&#8221;text_icon&#8221; css=&#8221;.vc_custom_1659015280335{padding-top: 40px !important;}&#8221;]<\/p>\n<p class=\"image\"><img src=\"https:\/\/disaronnoingredients.it\/wp-content\/uploads\/2022\/07\/linee.png\" alt=\"\" width=\"31\" height=\"16\" \/><\/p>\n<p class=\"text\">Ciasteczka do lod\u00f3w produkowane zar\u00f3wno dla klient\u00f3w przemys\u0142owych, jak i na potrzeby lodziarni rzemie\u015blniczych[\/vc_column_text][\/vc_column_inner][\/vc_row_inner][\/vc_column][\/vc_row][vc_row full_width=&#8221;stretch_row_content&#8221; css=&#8221;.vc_custom_1659708405675{margin-top: 140px !important;background-color: rgba(117,106,89,0.05) !important;*background-color: rgb(117,106,89) !important;}&#8221; el_class=&#8221;remove_margin&#8221;][vc_column css=&#8221;.vc_custom_1715708051070{padding-top: 100px !important;padding-bottom: 100px !important;}&#8221;][vc_row_inner el_class=&#8221;titoli_sezioni&#8221;][vc_column_inner width=&#8221;1\/2&#8243; css=&#8221;.vc_custom_1657728560634{padding-top: 40px !important;padding-bottom: 40px !important;padding-left: 250px !important;}&#8221;][vc_column_text el_class=&#8221;titolo_pagina&#8221;]<\/p>\n<p style=\"text-align: left\">Nieustanne innowacje<\/p>\n<p>[\/vc_column_text][vc_separator color=&#8221;custom&#8221; align=&#8221;align_left&#8221; el_width=&#8221;10&#8243; el_class=&#8221;border&#8221; css=&#8221;.vc_custom_1657728484968{margin-top: 10px !important;margin-bottom: 50px !important;}&#8221;][vc_column_text el_class=&#8221;desc&#8221;]<\/p>\n<p style=\"text-align: left\">Eurobisco jest od zawsze synonimem gwarancji doskona\u0142o\u015bci i najwy\u017cszego stopnia specjalizacji w produkcji ciasteczek do lod\u00f3w. Zgodnie z aktualnymi standardami du\u017cy nacisk k\u0142adzie si\u0119 na certyfikacj\u0119, kt\u00f3rej celem jest obs\u0142uga klienta wykraczaj\u0105ca poza jako\u015b\u0107 produktu. Innowacja od zawsze le\u017cy u podstaw naszej filozofii, czego dowodem jest niedawno wprowadzona technologia personalizacji ciastek za pomoc\u0105 sitodruku.<\/p>\n<p>[\/vc_column_text][\/vc_column_inner][vc_column_inner width=&#8221;1\/2&#8243;][vc_single_image image=&#8221;10392&#8243; img_size=&#8221;full&#8221; alignment=&#8221;right&#8221;][\/vc_column_inner][\/vc_row_inner][\/vc_column][\/vc_row]<\/p>\n","protected":false},"excerpt":{"rendered":"<p>[vc_row full_width=&#8221;stretch_row_content_no_spaces&#8221;][vc_column][vc_single_image image=&#8221;10417&#8243; img_size=&#8221;full&#8221; el_class=&#8221;img_top_desktop dekstop_image&#8221;][vc_single_image image=&#8221;11002&#8243; img_size=&#8221;full&#8221; el_class=&#8221;img_top_mobile mobile_image&#8221;][\/vc_column][\/vc_row][vc_row][vc_column][vc_single_image image=&#8221;11342&#8243; img_size=&#8221;full&#8221; alignment=&#8221;center&#8221; css=&#8221;.vc_custom_1660295055786{margin-top: -150px !important;}&#8221; el_class=&#8221;logo_brand_mobile more_padding_logo_brand&#8221;][\/vc_column][\/vc_row][vc_row el_class=&#8221;titoli_sezioni&#8221;][vc_column][vc_row_inner][vc_column_inner][vc_column_text el_class=&#8221;titolo_pagina&#8221; css=&#8221;.vc_custom_1657813130662{margin-top: 70px !important;}&#8221;] Na us\u0142ugach mistrz\u00f3w lodziarstwa [&hellip;]<\/p>\n","protected":false},"author":1,"featured_media":0,"parent":0,"menu_order":0,"comment_status":"closed","ping_status":"closed","template":"","meta":{"inline_featured_image":false},"acf":[],"yoast_head":"<!-- This site is optimized with the Yoast SEO plugin v19.6.1 - https:\/\/yoast.com\/wordpress\/plugins\/seo\/ -->\n<title>Eurobisco - Disaronno<\/title>\n<meta name=\"robots\" content=\"index, follow, max-snippet:-1, max-image-preview:large, max-video-preview:-1\" \/>\n<link rel=\"canonical\" href=\"https:\/\/disaronnoingredients.it\/pl\/eurobisco\/\" \/>\n<meta property=\"og:locale\" content=\"pl_PL\" \/>\n<meta property=\"og:type\" content=\"article\" \/>\n<meta property=\"og:title\" content=\"Eurobisco - Disaronno\" \/>\n<meta property=\"og:description\" content=\"[vc_row full_width=&#8221;stretch_row_content_no_spaces&#8221;][vc_column][vc_single_image image=&#8221;10417&#8243; img_size=&#8221;full&#8221; el_class=&#8221;img_top_desktop dekstop_image&#8221;][vc_single_image image=&#8221;11002&#8243; img_size=&#8221;full&#8221; el_class=&#8221;img_top_mobile mobile_image&#8221;][\/vc_column][\/vc_row][vc_row][vc_column][vc_single_image image=&#8221;11342&#8243; img_size=&#8221;full&#8221; alignment=&#8221;center&#8221; css=&#8221;.vc_custom_1660295055786{margin-top: -150px !important;}&#8221; el_class=&#8221;logo_brand_mobile more_padding_logo_brand&#8221;][\/vc_column][\/vc_row][vc_row el_class=&#8221;titoli_sezioni&#8221;][vc_column][vc_row_inner][vc_column_inner][vc_column_text el_class=&#8221;titolo_pagina&#8221; css=&#8221;.vc_custom_1657813130662{margin-top: 70px !important;}&#8221;] Na us\u0142ugach mistrz\u00f3w lodziarstwa [&hellip;]\" \/>\n<meta property=\"og:url\" content=\"https:\/\/disaronnoingredients.it\/pl\/eurobisco\/\" \/>\n<meta property=\"og:site_name\" content=\"Disaronno\" \/>\n<meta property=\"article:modified_time\" content=\"2026-01-09T10:33:28+00:00\" \/>\n<meta property=\"og:image\" content=\"https:\/\/disaronnoingredients.it\/wp-content\/uploads\/2022\/07\/linee.png\" \/>\n<meta name=\"twitter:card\" content=\"summary_large_image\" \/>\n<meta name=\"twitter:label1\" content=\"Szacowany czas czytania\" \/>\n\t<meta name=\"twitter:data1\" content=\"4 minuty\" \/>\n<script type=\"application\/ld+json\" class=\"yoast-schema-graph\">{\"@context\":\"https:\/\/schema.org\",\"@graph\":[{\"@type\":\"WebPage\",\"@id\":\"https:\/\/disaronnoingredients.it\/pl\/eurobisco\/\",\"url\":\"https:\/\/disaronnoingredients.it\/pl\/eurobisco\/\",\"name\":\"Eurobisco - Disaronno\",\"isPartOf\":{\"@id\":\"https:\/\/disaronnoingredients.it\/#website\"},\"datePublished\":\"2022-07-14T15:37:56+00:00\",\"dateModified\":\"2026-01-09T10:33:28+00:00\",\"breadcrumb\":{\"@id\":\"https:\/\/disaronnoingredients.it\/pl\/eurobisco\/#breadcrumb\"},\"inLanguage\":\"pl-PL\",\"potentialAction\":[{\"@type\":\"ReadAction\",\"target\":[\"https:\/\/disaronnoingredients.it\/pl\/eurobisco\/\"]}]},{\"@type\":\"BreadcrumbList\",\"@id\":\"https:\/\/disaronnoingredients.it\/pl\/eurobisco\/#breadcrumb\",\"itemListElement\":[{\"@type\":\"ListItem\",\"position\":1,\"name\":\"Home\",\"item\":\"https:\/\/disaronnoingredients.it\/pl\/\"},{\"@type\":\"ListItem\",\"position\":2,\"name\":\"Eurobisco\"}]},{\"@type\":\"WebSite\",\"@id\":\"https:\/\/disaronnoingredients.it\/#website\",\"url\":\"https:\/\/disaronnoingredients.it\/\",\"name\":\"Disaronno\",\"description\":\"\",\"potentialAction\":[{\"@type\":\"SearchAction\",\"target\":{\"@type\":\"EntryPoint\",\"urlTemplate\":\"https:\/\/disaronnoingredients.it\/?s={search_term_string}\"},\"query-input\":\"required name=search_term_string\"}],\"inLanguage\":\"pl-PL\"}]}<\/script>\n<!-- \/ Yoast SEO plugin. -->","yoast_head_json":{"title":"Eurobisco - Disaronno","robots":{"index":"index","follow":"follow","max-snippet":"max-snippet:-1","max-image-preview":"max-image-preview:large","max-video-preview":"max-video-preview:-1"},"canonical":"https:\/\/disaronnoingredients.it\/pl\/eurobisco\/","og_locale":"pl_PL","og_type":"article","og_title":"Eurobisco - Disaronno","og_description":"[vc_row full_width=&#8221;stretch_row_content_no_spaces&#8221;][vc_column][vc_single_image image=&#8221;10417&#8243; img_size=&#8221;full&#8221; el_class=&#8221;img_top_desktop dekstop_image&#8221;][vc_single_image image=&#8221;11002&#8243; img_size=&#8221;full&#8221; el_class=&#8221;img_top_mobile mobile_image&#8221;][\/vc_column][\/vc_row][vc_row][vc_column][vc_single_image image=&#8221;11342&#8243; img_size=&#8221;full&#8221; alignment=&#8221;center&#8221; css=&#8221;.vc_custom_1660295055786{margin-top: -150px !important;}&#8221; el_class=&#8221;logo_brand_mobile more_padding_logo_brand&#8221;][\/vc_column][\/vc_row][vc_row el_class=&#8221;titoli_sezioni&#8221;][vc_column][vc_row_inner][vc_column_inner][vc_column_text el_class=&#8221;titolo_pagina&#8221; css=&#8221;.vc_custom_1657813130662{margin-top: 70px !important;}&#8221;] Na us\u0142ugach mistrz\u00f3w lodziarstwa [&hellip;]","og_url":"https:\/\/disaronnoingredients.it\/pl\/eurobisco\/","og_site_name":"Disaronno","article_modified_time":"2026-01-09T10:33:28+00:00","og_image":[{"url":"https:\/\/disaronnoingredients.it\/wp-content\/uploads\/2022\/07\/linee.png"}],"twitter_card":"summary_large_image","twitter_misc":{"Szacowany czas czytania":"4 minuty"},"schema":{"@context":"https:\/\/schema.org","@graph":[{"@type":"WebPage","@id":"https:\/\/disaronnoingredients.it\/pl\/eurobisco\/","url":"https:\/\/disaronnoingredients.it\/pl\/eurobisco\/","name":"Eurobisco - Disaronno","isPartOf":{"@id":"https:\/\/disaronnoingredients.it\/#website"},"datePublished":"2022-07-14T15:37:56+00:00","dateModified":"2026-01-09T10:33:28+00:00","breadcrumb":{"@id":"https:\/\/disaronnoingredients.it\/pl\/eurobisco\/#breadcrumb"},"inLanguage":"pl-PL","potentialAction":[{"@type":"ReadAction","target":["https:\/\/disaronnoingredients.it\/pl\/eurobisco\/"]}]},{"@type":"BreadcrumbList","@id":"https:\/\/disaronnoingredients.it\/pl\/eurobisco\/#breadcrumb","itemListElement":[{"@type":"ListItem","position":1,"name":"Home","item":"https:\/\/disaronnoingredients.it\/pl\/"},{"@type":"ListItem","position":2,"name":"Eurobisco"}]},{"@type":"WebSite","@id":"https:\/\/disaronnoingredients.it\/#website","url":"https:\/\/disaronnoingredients.it\/","name":"Disaronno","description":"","potentialAction":[{"@type":"SearchAction","target":{"@type":"EntryPoint","urlTemplate":"https:\/\/disaronnoingredients.it\/?s={search_term_string}"},"query-input":"required name=search_term_string"}],"inLanguage":"pl-PL"}]}},"_links":{"self":[{"href":"https:\/\/disaronnoingredients.it\/pl\/wp-json\/wp\/v2\/pages\/11828"}],"collection":[{"href":"https:\/\/disaronnoingredients.it\/pl\/wp-json\/wp\/v2\/pages"}],"about":[{"href":"https:\/\/disaronnoingredients.it\/pl\/wp-json\/wp\/v2\/types\/page"}],"author":[{"embeddable":true,"href":"https:\/\/disaronnoingredients.it\/pl\/wp-json\/wp\/v2\/users\/1"}],"replies":[{"embeddable":true,"href":"https:\/\/disaronnoingredients.it\/pl\/wp-json\/wp\/v2\/comments?post=11828"}],"version-history":[{"count":14,"href":"https:\/\/disaronnoingredients.it\/pl\/wp-json\/wp\/v2\/pages\/11828\/revisions"}],"predecessor-version":[{"id":29490,"href":"https:\/\/disaronnoingredients.it\/pl\/wp-json\/wp\/v2\/pages\/11828\/revisions\/29490"}],"wp:attachment":[{"href":"https:\/\/disaronnoingredients.it\/pl\/wp-json\/wp\/v2\/media?parent=11828"}],"curies":[{"name":"wp","href":"https:\/\/api.w.org\/{rel}","templated":true}]}}