{"id":11783,"date":"2022-07-14T17:37:56","date_gmt":"2022-07-14T15:37:56","guid":{"rendered":"https:\/\/disaronnoingredients.it\/eurobisco\/"},"modified":"2026-01-09T11:32:37","modified_gmt":"2026-01-09T10:32:37","slug":"eurobisco","status":"publish","type":"page","link":"https:\/\/disaronnoingredients.it\/de\/eurobisco\/","title":{"rendered":"Eurobisco"},"content":{"rendered":"<p>[vc_row full_width=&#8221;stretch_row_content_no_spaces&#8221;][vc_column][vc_single_image image=&#8221;10416&#8243; img_size=&#8221;full&#8221; el_class=&#8221;img_top_desktop dekstop_image&#8221;][vc_single_image image=&#8221;11001&#8243; img_size=&#8221;full&#8221; el_class=&#8221;img_top_mobile mobile_image&#8221;][\/vc_column][\/vc_row][vc_row][vc_column][vc_single_image image=&#8221;11341&#8243; img_size=&#8221;full&#8221; alignment=&#8221;center&#8221; css=&#8221;.vc_custom_1660295055786{margin-top: -150px !important;}&#8221; el_class=&#8221;logo_brand_mobile more_padding_logo_brand&#8221;][\/vc_column][\/vc_row][vc_row el_class=&#8221;titoli_sezioni&#8221;][vc_column][vc_row_inner][vc_column_inner][vc_column_text el_class=&#8221;titolo_pagina&#8221; css=&#8221;.vc_custom_1657813130662{margin-top: 70px !important;}&#8221;]<\/p>\n<p style=\"text-align: center\">Stets im Dienste der Speiseeisprofis<\/p>\n<p>[\/vc_column_text][vc_separator color=&#8221;custom&#8221; el_width=&#8221;10&#8243; el_class=&#8221;border&#8221; css=&#8221;.vc_custom_1657706318862{margin-top: 10px !important;margin-bottom: 50px !important;}&#8221;][vc_column_text el_class=&#8221;desc remove_br&#8221;]<\/p>\n<p style=\"text-align: center\">Seit \u00fcber sechzig Jahren beliefern wir die besten nationalen und internationalen S\u00fc\u00dfwarenspezialisten mit den hochwertigen Waffeln und Keksen f\u00fcr Speiseeis, die in unserem hochmodernen Werk in Chignolo Po bei Pavia hergestellt werden.[\/vc_column_text][\/vc_column_inner][\/vc_row_inner][\/vc_column][\/vc_row][vc_row full_width=&#8221;stretch_row&#8221; parallax=&#8221;content-moving&#8221; css=&#8221;.vc_custom_1657718471693{padding-top: 0px !important;padding-bottom: 100px !important;}&#8221;][vc_column el_class=&#8221;cont_brand&#8221;][vc_row_inner css=&#8221;.vc_custom_1659708204756{margin-top: 40px !important;border-top-width: 1px !important;padding-top: 40px !important;border-top-color: #e5e7f2 !important;border-top-style: solid !important;}&#8221; el_class=&#8221;box_brand_four&#8221;][vc_column_inner width=&#8221;1\/4&#8243;]<div class=\"key-icon-box icon-default icon-top cont-center    elenco_icon\" style=\"background-color: transparent; \" ><div class=\"tt-iconbox-customimg img_small_size\"><img width=\"52\" height=\"52\" src=\"https:\/\/disaronnoingredients.it\/wp-content\/uploads\/2022\/07\/eurobisco_icon_1.png\" class=\"attachment-full\" alt=\"\" title=\"eurobisco_icon_1\" \/><\/div><h4 class=\"service-heading\" >Ausgew\u00e4hlte Zutaten<\/h4><\/div>[\/vc_column_inner][vc_column_inner width=&#8221;1\/4&#8243;]<div class=\"key-icon-box icon-default icon-top cont-center\" style=\"background-color: transparent; \" ><div class=\"tt-iconbox-customimg img_small_size\"><img width=\"52\" height=\"47\" src=\"https:\/\/disaronnoingredients.it\/wp-content\/uploads\/2022\/07\/eurobisco_icon_2.png\" class=\"attachment-full\" alt=\"\" title=\"eurobisco_icon_2\" \/><\/div><h4 class=\"service-heading\" >Produktionsflexibilit\u00e4t bei<br \/>\nFormaten und Zutaten<br \/>\n(inclusions)<\/h4><\/div>[\/vc_column_inner][vc_column_inner width=&#8221;1\/4&#8243;]<div class=\"key-icon-box icon-default icon-top cont-center\" style=\"background-color: transparent; \" ><div class=\"tt-iconbox-customimg img_small_size\"><img width=\"70\" height=\"34\" src=\"https:\/\/disaronnoingredients.it\/wp-content\/uploads\/2022\/07\/eurobisco_icon_3.png\" class=\"attachment-full\" alt=\"\" title=\"eurobisco_icon_3\" \/><\/div><h4 class=\"service-heading\" >Kontinuierliche<br \/>\nInnovation<br \/>\n(Siebdruck)<\/h4><\/div>[\/vc_column_inner][vc_column_inner width=&#8221;1\/4&#8243;]<div class=\"key-icon-box icon-default icon-top cont-center\" style=\"background-color: transparent; \" ><div class=\"tt-iconbox-customimg img_small_size\"><img width=\"50\" height=\"50\" src=\"https:\/\/disaronnoingredients.it\/wp-content\/uploads\/2022\/07\/eurobisco_icon_4.png\" class=\"attachment-full\" alt=\"\" title=\"eurobisco_icon_4\" \/><\/div><h4 class=\"service-heading\" >\u00dcber 35 L\u00e4nder beliefert auf<br \/>\nder gesamten Welt<\/h4><\/div>[\/vc_column_inner][\/vc_row_inner][\/vc_column][\/vc_row][vc_row css=&#8221;.vc_custom_1715708027658{padding-top: 0px !important;padding-bottom: 100px !important;background-image: url(https:\/\/disaronnoingredients.it\/wp-content\/uploads\/2022\/07\/bg_catalogo.svg?id=7925) !important;}&#8221; el_class=&#8221;titoli_sezioni scarica reduce_btn&#8221;][vc_column][vc_row_inner][vc_column_inner][vc_column_text el_class=&#8221;titolo_pagina_big&#8221; css=&#8221;.vc_custom_1657813296277{margin-top: 70px !important;}&#8221;]<\/p>\n<p style=\"text-align: center\">Laden Sie den Katalog<br \/>\nvon EUROBISCO herunter[\/vc_column_text][\/vc_column_inner][\/vc_row_inner][vc_separator color=&#8221;custom&#8221; el_width=&#8221;10&#8243; el_class=&#8221;border&#8221; css=&#8221;.vc_custom_1657706318862{margin-top: 10px !important;margin-bottom: 50px !important;}&#8221;][vc_btn title=&#8221;PDF herunterladen&#8221; style=&#8221;gradient-custom&#8221; gradient_custom_color_1=&#8221;#ee783f&#8221; gradient_custom_color_2=&#8221;#ee933f&#8221; shape=&#8221;round&#8221; size=&#8221;lg&#8221; align=&#8221;center&#8221; el_class=&#8221;pulsante&#8221; css=&#8221;.vc_custom_1767954755575{margin-top: 50px !important;}&#8221; link=&#8221;url:https%3A%2F%2Fdisaronnoingredients.it%2Fde%2Fkataloge%2F|target:_blank&#8221;][\/vc_column][\/vc_row][vc_row full_width=&#8221;stretch_row_content&#8221; el_class=&#8221;mobile_image&#8221;][vc_column css=&#8221;.vc_custom_1657720769212{padding-top: 100px !important;}&#8221;][vc_row_inner el_class=&#8221;titoli_sezioni&#8221;][vc_column_inner css=&#8221;.vc_custom_1657721322764{padding-left: 50px !important;}&#8221;][vc_single_image image=&#8221;11006&#8243; img_size=&#8221;full&#8221; css=&#8221;.vc_custom_1659708304977{margin-bottom: -80px !important;}&#8221;][\/vc_column_inner][\/vc_row_inner][\/vc_column][\/vc_row][vc_row full_width=&#8221;stretch_row_content&#8221; el_class=&#8221;mobile_image&#8221;][vc_column css=&#8221;.vc_custom_1657720769212{padding-top: 100px !important;}&#8221;][vc_row_inner el_class=&#8221;titoli_sezioni&#8221;][vc_column_inner css=&#8221;.vc_custom_1657722858560{padding-top: 40px !important;padding-bottom: 40px !important;padding-left: 100px !important;}&#8221;][vc_column_text el_class=&#8221;titolo_pagina&#8221;]<\/p>\n<p style=\"text-align: left\">Die Vorz\u00fcge von<br \/>\nEurobisco[\/vc_column_text][vc_column_text el_class=&#8221;text_icon&#8221; css=&#8221;.vc_custom_1659015259871{padding-top: 65px !important;}&#8221;]<\/p>\n<p class=\"image\"><img src=\"https:\/\/disaronnoingredients.it\/wp-content\/uploads\/2022\/07\/linee.png\" alt=\"\" width=\"31\" height=\"16\" \/><\/p>\n<p class=\"text\">\u00dcber <strong>13.000 m2<\/strong> Fl\u00e4che f\u00fcr die Erzeugung von Backwaren[\/vc_column_text][vc_column_text el_class=&#8221;text_icon&#8221; css=&#8221;.vc_custom_1659015271794{padding-top: 40px !important;}&#8221;]<\/p>\n<p class=\"image\"><img src=\"https:\/\/disaronnoingredients.it\/wp-content\/uploads\/2022\/07\/linee.png\" alt=\"\" width=\"31\" height=\"16\" \/><\/p>\n<p class=\"text\">Spezielle Kontrollen aller Produktionsprozesse und des fertigen Produkts[\/vc_column_text][vc_column_text el_class=&#8221;text_icon&#8221; css=&#8221;.vc_custom_1659015280335{padding-top: 40px !important;}&#8221;]<\/p>\n<p class=\"image\"><img src=\"https:\/\/disaronnoingredients.it\/wp-content\/uploads\/2022\/07\/linee.png\" alt=\"\" width=\"31\" height=\"16\" \/><\/p>\n<p class=\"text\">Waffeln und Kekse f\u00fcr Eis f\u00fcr die Industriekundschaft und handwerkliche Hersteller*innen von Speiseeis[\/vc_column_text][\/vc_column_inner][\/vc_row_inner][\/vc_column][\/vc_row][vc_row full_width=&#8221;stretch_row_content&#8221; css=&#8221;.vc_custom_1659708290708{background-color: rgba(117,106,89,0.05) !important;*background-color: rgb(117,106,89) !important;}&#8221; el_class=&#8221;dekstop_image&#8221;][vc_column css=&#8221;.vc_custom_1657720769212{padding-top: 100px !important;}&#8221;][vc_row_inner el_class=&#8221;titoli_sezioni&#8221;][vc_column_inner width=&#8221;1\/2&#8243; css=&#8221;.vc_custom_1657721322764{padding-left: 50px !important;}&#8221;][vc_single_image image=&#8221;10386&#8243; img_size=&#8221;full&#8221; css=&#8221;.vc_custom_1659015228166{margin-bottom: -80px !important;}&#8221;][\/vc_column_inner][vc_column_inner width=&#8221;1\/2&#8243; css=&#8221;.vc_custom_1657722858560{padding-top: 40px !important;padding-bottom: 40px !important;padding-left: 100px !important;}&#8221;][vc_column_text el_class=&#8221;titolo_pagina&#8221;]<\/p>\n<p style=\"text-align: left\">Die Vorz\u00fcge von<br \/>\nEurobisco[\/vc_column_text][vc_column_text el_class=&#8221;text_icon&#8221; css=&#8221;.vc_custom_1659015259871{padding-top: 65px !important;}&#8221;]<\/p>\n<p class=\"image\"><img src=\"https:\/\/disaronnoingredients.it\/wp-content\/uploads\/2022\/07\/linee.png\" alt=\"\" width=\"31\" height=\"16\" \/><\/p>\n<p class=\"text\">\u00dcber <strong>13.000 m2<\/strong> Fl\u00e4che f\u00fcr die Erzeugung von Backwaren[\/vc_column_text][vc_column_text el_class=&#8221;text_icon&#8221; css=&#8221;.vc_custom_1659015271794{padding-top: 40px !important;}&#8221;]<\/p>\n<p class=\"image\"><img src=\"https:\/\/disaronnoingredients.it\/wp-content\/uploads\/2022\/07\/linee.png\" alt=\"\" width=\"31\" height=\"16\" \/><\/p>\n<p class=\"text\">Spezielle Kontrollen aller Produktionsprozesse und des fertigen Produkts[\/vc_column_text][vc_column_text el_class=&#8221;text_icon&#8221; css=&#8221;.vc_custom_1659015280335{padding-top: 40px !important;}&#8221;]<\/p>\n<p class=\"image\"><img src=\"https:\/\/disaronnoingredients.it\/wp-content\/uploads\/2022\/07\/linee.png\" alt=\"\" width=\"31\" height=\"16\" \/><\/p>\n<p class=\"text\">Waffeln und Kekse f\u00fcr Eis f\u00fcr die Industriekundschaft und handwerkliche Hersteller*innen von Speiseeis[\/vc_column_text][\/vc_column_inner][\/vc_row_inner][\/vc_column][\/vc_row][vc_row full_width=&#8221;stretch_row_content&#8221; css=&#8221;.vc_custom_1659708405675{margin-top: 140px !important;background-color: rgba(117,106,89,0.05) !important;*background-color: rgb(117,106,89) !important;}&#8221; el_class=&#8221;remove_margin&#8221;][vc_column css=&#8221;.vc_custom_1715708051070{padding-top: 100px !important;padding-bottom: 100px !important;}&#8221;][vc_row_inner el_class=&#8221;titoli_sezioni&#8221;][vc_column_inner width=&#8221;1\/2&#8243; css=&#8221;.vc_custom_1657728560634{padding-top: 40px !important;padding-bottom: 40px !important;padding-left: 250px !important;}&#8221;][vc_column_text el_class=&#8221;titolo_pagina&#8221;]<\/p>\n<p style=\"text-align: left\">Kontinuierliche Innovation<\/p>\n<p>[\/vc_column_text][vc_separator color=&#8221;custom&#8221; align=&#8221;align_left&#8221; el_width=&#8221;10&#8243; el_class=&#8221;border&#8221; css=&#8221;.vc_custom_1657728484968{margin-top: 10px !important;margin-bottom: 50px !important;}&#8221;][vc_column_text el_class=&#8221;desc&#8221;]<\/p>\n<p style=\"text-align: left\">Eurobisco steht seit jeher f\u00fcr herausragende Qualit\u00e4t und maximale Spezialisierung auf die Herstellung von Waffeln und Keksen f\u00fcr Speiseeis. Stets im Einklang mit aktuellen Standards wird Zertifizierungsoptionen maximale Aufmerksamkeit geschenkt, um den Kunden Dienstleistungen zu bieten, die \u00fcber die reine Qualit\u00e4t des Produkts hinausgehen. Innovation steht schon immer im Mittelpunkt unserer Philosophie, was sich auch in den fortschrittlichen Technologien f\u00fcr den Siebdruck der Kekse widerspiegelt.<\/p>\n<p>[\/vc_column_text][\/vc_column_inner][vc_column_inner width=&#8221;1\/2&#8243;][vc_single_image image=&#8221;10391&#8243; img_size=&#8221;full&#8221; alignment=&#8221;right&#8221;][\/vc_column_inner][\/vc_row_inner][\/vc_column][\/vc_row]<\/p>\n","protected":false},"excerpt":{"rendered":"<p>[vc_row full_width=&#8221;stretch_row_content_no_spaces&#8221;][vc_column][vc_single_image image=&#8221;10416&#8243; img_size=&#8221;full&#8221; el_class=&#8221;img_top_desktop dekstop_image&#8221;][vc_single_image image=&#8221;11001&#8243; img_size=&#8221;full&#8221; el_class=&#8221;img_top_mobile mobile_image&#8221;][\/vc_column][\/vc_row][vc_row][vc_column][vc_single_image image=&#8221;11341&#8243; img_size=&#8221;full&#8221; alignment=&#8221;center&#8221; css=&#8221;.vc_custom_1660295055786{margin-top: -150px !important;}&#8221; el_class=&#8221;logo_brand_mobile more_padding_logo_brand&#8221;][\/vc_column][\/vc_row][vc_row el_class=&#8221;titoli_sezioni&#8221;][vc_column][vc_row_inner][vc_column_inner][vc_column_text el_class=&#8221;titolo_pagina&#8221; css=&#8221;.vc_custom_1657813130662{margin-top: 70px !important;}&#8221;] Stets im Dienste der [&hellip;]<\/p>\n","protected":false},"author":1,"featured_media":0,"parent":0,"menu_order":0,"comment_status":"closed","ping_status":"closed","template":"","meta":{"inline_featured_image":false},"acf":[],"yoast_head":"<!-- This site is optimized with the Yoast SEO plugin v19.6.1 - https:\/\/yoast.com\/wordpress\/plugins\/seo\/ -->\n<title>Eurobisco - Disaronno<\/title>\n<meta name=\"robots\" content=\"index, follow, max-snippet:-1, max-image-preview:large, max-video-preview:-1\" \/>\n<link rel=\"canonical\" href=\"https:\/\/disaronnoingredients.it\/de\/eurobisco\/\" \/>\n<meta property=\"og:locale\" content=\"de_DE\" \/>\n<meta property=\"og:type\" content=\"article\" \/>\n<meta property=\"og:title\" content=\"Eurobisco - Disaronno\" \/>\n<meta property=\"og:description\" content=\"[vc_row full_width=&#8221;stretch_row_content_no_spaces&#8221;][vc_column][vc_single_image image=&#8221;10416&#8243; img_size=&#8221;full&#8221; el_class=&#8221;img_top_desktop dekstop_image&#8221;][vc_single_image image=&#8221;11001&#8243; img_size=&#8221;full&#8221; el_class=&#8221;img_top_mobile mobile_image&#8221;][\/vc_column][\/vc_row][vc_row][vc_column][vc_single_image image=&#8221;11341&#8243; img_size=&#8221;full&#8221; alignment=&#8221;center&#8221; css=&#8221;.vc_custom_1660295055786{margin-top: -150px !important;}&#8221; el_class=&#8221;logo_brand_mobile more_padding_logo_brand&#8221;][\/vc_column][\/vc_row][vc_row el_class=&#8221;titoli_sezioni&#8221;][vc_column][vc_row_inner][vc_column_inner][vc_column_text el_class=&#8221;titolo_pagina&#8221; css=&#8221;.vc_custom_1657813130662{margin-top: 70px !important;}&#8221;] Stets im Dienste der [&hellip;]\" \/>\n<meta property=\"og:url\" content=\"https:\/\/disaronnoingredients.it\/de\/eurobisco\/\" \/>\n<meta property=\"og:site_name\" content=\"Disaronno\" \/>\n<meta property=\"article:modified_time\" content=\"2026-01-09T10:32:37+00:00\" \/>\n<meta property=\"og:image\" content=\"https:\/\/disaronnoingredients.it\/wp-content\/uploads\/2022\/07\/linee.png\" \/>\n<meta name=\"twitter:card\" content=\"summary_large_image\" \/>\n<meta name=\"twitter:label1\" content=\"Gesch\u00e4tzte Lesezeit\" \/>\n\t<meta name=\"twitter:data1\" content=\"4 Minuten\" \/>\n<script type=\"application\/ld+json\" class=\"yoast-schema-graph\">{\"@context\":\"https:\/\/schema.org\",\"@graph\":[{\"@type\":\"WebPage\",\"@id\":\"https:\/\/disaronnoingredients.it\/de\/eurobisco\/\",\"url\":\"https:\/\/disaronnoingredients.it\/de\/eurobisco\/\",\"name\":\"Eurobisco - Disaronno\",\"isPartOf\":{\"@id\":\"https:\/\/disaronnoingredients.it\/#website\"},\"datePublished\":\"2022-07-14T15:37:56+00:00\",\"dateModified\":\"2026-01-09T10:32:37+00:00\",\"breadcrumb\":{\"@id\":\"https:\/\/disaronnoingredients.it\/de\/eurobisco\/#breadcrumb\"},\"inLanguage\":\"de-DE\",\"potentialAction\":[{\"@type\":\"ReadAction\",\"target\":[\"https:\/\/disaronnoingredients.it\/de\/eurobisco\/\"]}]},{\"@type\":\"BreadcrumbList\",\"@id\":\"https:\/\/disaronnoingredients.it\/de\/eurobisco\/#breadcrumb\",\"itemListElement\":[{\"@type\":\"ListItem\",\"position\":1,\"name\":\"Home\",\"item\":\"https:\/\/disaronnoingredients.it\/de\/\"},{\"@type\":\"ListItem\",\"position\":2,\"name\":\"Eurobisco\"}]},{\"@type\":\"WebSite\",\"@id\":\"https:\/\/disaronnoingredients.it\/#website\",\"url\":\"https:\/\/disaronnoingredients.it\/\",\"name\":\"Disaronno\",\"description\":\"\",\"potentialAction\":[{\"@type\":\"SearchAction\",\"target\":{\"@type\":\"EntryPoint\",\"urlTemplate\":\"https:\/\/disaronnoingredients.it\/?s={search_term_string}\"},\"query-input\":\"required name=search_term_string\"}],\"inLanguage\":\"de-DE\"}]}<\/script>\n<!-- \/ Yoast SEO plugin. -->","yoast_head_json":{"title":"Eurobisco - Disaronno","robots":{"index":"index","follow":"follow","max-snippet":"max-snippet:-1","max-image-preview":"max-image-preview:large","max-video-preview":"max-video-preview:-1"},"canonical":"https:\/\/disaronnoingredients.it\/de\/eurobisco\/","og_locale":"de_DE","og_type":"article","og_title":"Eurobisco - Disaronno","og_description":"[vc_row full_width=&#8221;stretch_row_content_no_spaces&#8221;][vc_column][vc_single_image image=&#8221;10416&#8243; img_size=&#8221;full&#8221; el_class=&#8221;img_top_desktop dekstop_image&#8221;][vc_single_image image=&#8221;11001&#8243; img_size=&#8221;full&#8221; el_class=&#8221;img_top_mobile mobile_image&#8221;][\/vc_column][\/vc_row][vc_row][vc_column][vc_single_image image=&#8221;11341&#8243; img_size=&#8221;full&#8221; alignment=&#8221;center&#8221; css=&#8221;.vc_custom_1660295055786{margin-top: -150px !important;}&#8221; el_class=&#8221;logo_brand_mobile more_padding_logo_brand&#8221;][\/vc_column][\/vc_row][vc_row el_class=&#8221;titoli_sezioni&#8221;][vc_column][vc_row_inner][vc_column_inner][vc_column_text el_class=&#8221;titolo_pagina&#8221; css=&#8221;.vc_custom_1657813130662{margin-top: 70px !important;}&#8221;] Stets im Dienste der [&hellip;]","og_url":"https:\/\/disaronnoingredients.it\/de\/eurobisco\/","og_site_name":"Disaronno","article_modified_time":"2026-01-09T10:32:37+00:00","og_image":[{"url":"https:\/\/disaronnoingredients.it\/wp-content\/uploads\/2022\/07\/linee.png"}],"twitter_card":"summary_large_image","twitter_misc":{"Gesch\u00e4tzte Lesezeit":"4 Minuten"},"schema":{"@context":"https:\/\/schema.org","@graph":[{"@type":"WebPage","@id":"https:\/\/disaronnoingredients.it\/de\/eurobisco\/","url":"https:\/\/disaronnoingredients.it\/de\/eurobisco\/","name":"Eurobisco - Disaronno","isPartOf":{"@id":"https:\/\/disaronnoingredients.it\/#website"},"datePublished":"2022-07-14T15:37:56+00:00","dateModified":"2026-01-09T10:32:37+00:00","breadcrumb":{"@id":"https:\/\/disaronnoingredients.it\/de\/eurobisco\/#breadcrumb"},"inLanguage":"de-DE","potentialAction":[{"@type":"ReadAction","target":["https:\/\/disaronnoingredients.it\/de\/eurobisco\/"]}]},{"@type":"BreadcrumbList","@id":"https:\/\/disaronnoingredients.it\/de\/eurobisco\/#breadcrumb","itemListElement":[{"@type":"ListItem","position":1,"name":"Home","item":"https:\/\/disaronnoingredients.it\/de\/"},{"@type":"ListItem","position":2,"name":"Eurobisco"}]},{"@type":"WebSite","@id":"https:\/\/disaronnoingredients.it\/#website","url":"https:\/\/disaronnoingredients.it\/","name":"Disaronno","description":"","potentialAction":[{"@type":"SearchAction","target":{"@type":"EntryPoint","urlTemplate":"https:\/\/disaronnoingredients.it\/?s={search_term_string}"},"query-input":"required name=search_term_string"}],"inLanguage":"de-DE"}]}},"_links":{"self":[{"href":"https:\/\/disaronnoingredients.it\/de\/wp-json\/wp\/v2\/pages\/11783"}],"collection":[{"href":"https:\/\/disaronnoingredients.it\/de\/wp-json\/wp\/v2\/pages"}],"about":[{"href":"https:\/\/disaronnoingredients.it\/de\/wp-json\/wp\/v2\/types\/page"}],"author":[{"embeddable":true,"href":"https:\/\/disaronnoingredients.it\/de\/wp-json\/wp\/v2\/users\/1"}],"replies":[{"embeddable":true,"href":"https:\/\/disaronnoingredients.it\/de\/wp-json\/wp\/v2\/comments?post=11783"}],"version-history":[{"count":10,"href":"https:\/\/disaronnoingredients.it\/de\/wp-json\/wp\/v2\/pages\/11783\/revisions"}],"predecessor-version":[{"id":29488,"href":"https:\/\/disaronnoingredients.it\/de\/wp-json\/wp\/v2\/pages\/11783\/revisions\/29488"}],"wp:attachment":[{"href":"https:\/\/disaronnoingredients.it\/de\/wp-json\/wp\/v2\/media?parent=11783"}],"curies":[{"name":"wp","href":"https:\/\/api.w.org\/{rel}","templated":true}]}}